
{"id":1007,"date":"2023-07-24T13:25:37","date_gmt":"2023-07-24T10:25:37","guid":{"rendered":"https:\/\/simprasuite.com\/de\/?page_id=1007"},"modified":"2025-10-09T14:07:51","modified_gmt":"2025-10-09T11:07:51","slug":"einwilligung-in-die-verarbeitung-personenbezogener-daten","status":"publish","type":"page","link":"https:\/\/simprasuite.com\/de\/einwilligung-in-die-verarbeitung-personenbezogener-daten\/","title":{"rendered":"Text der ausdr\u00fccklichen Zustimmung"},"content":{"rendered":"<section class=\"banner_section\">\n<div class=\"container\">\n<div class=\"row\">\n<div class=\"col-12\">\n<div class=\"banner_text\">\n<h1 class=\"pb-4 text-center\">\n<p style=\"font-weight:100\" class=\"p-0 m-0\">PROTE\u0130N SOFTWARE TECHNOLOGIEN INDUSTRIE UND HANDEL AG\n<\/p>\n<p>Einwilligungserkl\u00e4rung<br \/>\n<\/h1>\n<\/div>\n<\/div>\n<\/div>\n<\/div>\n<\/section>\n<div class=\"container mt-4\">\n<div class=\"row\">\n<div class=\"col-12 mt-10\">\nMir wurde von der PROTE\u0130N SOFTWARE TECHNOLOGIEN INDUSTRIE UND HANDEL AG die \u201eDatenschutzerkl\u00e4rung\u201c (Informationsschrift zum Schutz personenbezogener Daten), welche Informationen \u00fcber die Verarbeitung meiner personenbezogenen Daten enth\u00e4lt, zur Einsichtnahme zur Verf\u00fcgung gestellt und ich habe diese gepr\u00fcft. Mit meiner Zustimmung zu diesem Dokument best\u00e4tige ich, dass ich \u00fcber die darin enthaltenen Informationen ordnungsgem\u00e4\u00df aufgekl\u00e4rt wurde, den Text gelesen habe und dass mir die notwendige Information erteilt wurde. Unter diesen Bedingungen erkl\u00e4re, best\u00e4tige und verpflichte ich mich ausdr\u00fccklich, meine allgemeinen personenbezogenen Daten ohne Einflussnahme an inl\u00e4ndische und ausl\u00e4ndische Personen und Institutionen weiterzugeben und meine Einwilligung hierzu erteile.<\/div>\n<\/div>\n<\/div>\n","protected":false},"excerpt":{"rendered":"<p>PROTE\u0130N SOFTWARE TECHNOLOGIEN INDUSTRIE UND HANDEL AG Einwilligungserkl\u00e4rung Mir wurde von der PROTE\u0130N SOFTWARE TECHNOLOGIEN INDUSTRIE UND HANDEL AG die \u201eDatenschutzerkl\u00e4rung\u201c (Informationsschrift zum Schutz personenbezogener Daten), welche Informationen \u00fcber die Verarbeitung meiner personenbezogenen Daten enth\u00e4lt, zur Einsichtnahme zur Verf\u00fcgung gestellt und ich habe diese gepr\u00fcft. Mit meiner Zustimmung zu diesem Dokument best\u00e4tige ich, dass ich [&hellip;]<\/p>\n","protected":false},"author":2,"featured_media":0,"parent":0,"menu_order":0,"comment_status":"closed","ping_status":"closed","template":"","meta":{"footnotes":""},"class_list":["post-1007","page","type-page","status-publish","hentry"],"_links":{"self":[{"href":"https:\/\/simprasuite.com\/de\/wp-json\/wp\/v2\/pages\/1007","targetHints":{"allow":["GET"]}}],"collection":[{"href":"https:\/\/simprasuite.com\/de\/wp-json\/wp\/v2\/pages"}],"about":[{"href":"https:\/\/simprasuite.com\/de\/wp-json\/wp\/v2\/types\/page"}],"author":[{"embeddable":true,"href":"https:\/\/simprasuite.com\/de\/wp-json\/wp\/v2\/users\/2"}],"replies":[{"embeddable":true,"href":"https:\/\/simprasuite.com\/de\/wp-json\/wp\/v2\/comments?post=1007"}],"version-history":[{"count":15,"href":"https:\/\/simprasuite.com\/de\/wp-json\/wp\/v2\/pages\/1007\/revisions"}],"predecessor-version":[{"id":4498,"href":"https:\/\/simprasuite.com\/de\/wp-json\/wp\/v2\/pages\/1007\/revisions\/4498"}],"wp:attachment":[{"href":"https:\/\/simprasuite.com\/de\/wp-json\/wp\/v2\/media?parent=1007"}],"curies":[{"name":"wp","href":"https:\/\/api.w.org\/{rel}","templated":true}]}}